{"id":1731,"date":"2024-04-12T17:14:36","date_gmt":"2024-04-12T15:14:36","guid":{"rendered":"https:\/\/stickers.best\/?post_type=product&#038;p=1731"},"modified":"2024-05-06T10:52:43","modified_gmt":"2024-05-06T08:52:43","slug":"pack-norme-iqfoil-nom","status":"publish","type":"product","link":"https:\/\/stickers.best\/index.php\/produit\/pack-norme-iqfoil-nom\/","title":{"rendered":"Pack Norme IQFoil Nom"},"content":{"rendered":"","protected":false},"excerpt":{"rendered":"<div class=\"nav nav-tabs\">\n<div class=\"nav nav-tabs\">\n<p><strong>Sticker pour voile de windsurf \u00e0 la norme IQFOIL.<\/strong><\/p>\n<\/div>\n<div id=\"tab-content\" class=\"tab-content\">\n<div id=\"description\" class=\"tab-pane fade in active\">\n<div class=\"product-description\">\n<ul>\n<li>Pack comprenant\u00a0 2 noms de coureur<\/li>\n<li>Adh\u00e9sif polym\u00e8re pour une meilleure durabilit\u00e9<\/li>\n<li>Impression HD pour une belle qualit\u00e9 d&#8217;image<\/li>\n<li>Bords arrondis pour \u00e9viter les d\u00e9collements<\/li>\n<li>Pr\u00e9cisez votre drapeau et nom dans la fen\u00eatre ci-dessus. Le nom est soit Initiale du Pr\u00e9nom+Nom, soit Pr\u00e9nom+Nom en entier. Privil\u00e9giez l&#8217;initiale du pr\u00e9nom quand les Pr\u00e9nom+Nom sont tr\u00e8s longs.<\/li>\n<\/ul>\n<\/div>\n<\/div>\n<\/div>\n<\/div>\n<p><a href=\"https:\/\/stickers.best\/index.php\/coller-des-stickers-a-leau\/\" target=\"_blank\" rel=\"noopener\"><strong>ICI vid\u00e9o de d\u00e9monstration de collage des stickers<\/strong><\/a><\/p>\n<p>Fabrication fran\u00e7aise sur commande &#8211; Envoi rapide<\/p>\n","protected":false},"featured_media":1732,"comment_status":"closed","ping_status":"closed","template":"","meta":[],"product_brand":[],"product_cat":[98],"product_tag":[130,102,101],"class_list":{"0":"post-1731","1":"product","2":"type-product","3":"status-publish","4":"has-post-thumbnail","6":"product_cat-windsurf","7":"product_tag-iq-foil","8":"product_tag-sticker-windsurf","9":"product_tag-windsurf","11":"first","12":"instock","13":"taxable","14":"shipping-taxable","15":"purchasable","16":"product-type-simple"},"yoast_head":"<!-- This site is optimized with the Yoast SEO plugin v27.3 - https:\/\/yoast.com\/product\/yoast-seo-wordpress\/ -->\n<title>Pack Norme IQFoil Nom - Stickers.Best<\/title>\n<meta name=\"description\" content=\"Stickers.best and Fuck the rest !!! Vente en ligne de stickers personnalis\u00e9s 100% qualit\u00e9 et 100 % made in France !\" \/>\n<meta name=\"robots\" content=\"index, follow, max-snippet:-1, max-image-preview:large, max-video-preview:-1\" \/>\n<link rel=\"canonical\" href=\"https:\/\/stickers.best\/index.php\/produit\/pack-norme-iqfoil-nom\/\" \/>\n<meta property=\"og:locale\" content=\"fr_FR\" \/>\n<meta property=\"og:type\" content=\"article\" \/>\n<meta property=\"og:title\" content=\"Pack Norme IQFoil Nom - Stickers.Best\" \/>\n<meta property=\"og:description\" content=\"Stickers.best and Fuck the rest !!! Vente en ligne de stickers personnalis\u00e9s 100% qualit\u00e9 et 100 % made in France !\" \/>\n<meta property=\"og:url\" content=\"https:\/\/stickers.best\/index.php\/produit\/pack-norme-iqfoil-nom\/\" \/>\n<meta property=\"og:site_name\" content=\"Stickers.Best\" \/>\n<meta property=\"article:publisher\" content=\"https:\/\/www.facebook.com\/Stickersbest-115743130294132\" \/>\n<meta property=\"article:modified_time\" content=\"2024-05-06T08:52:43+00:00\" \/>\n<meta property=\"og:image\" content=\"https:\/\/stickers.best\/wp-content\/uploads\/2024\/04\/IQFOIL-Nom-05-scaled.jpg\" \/>\n\t<meta property=\"og:image:width\" content=\"2560\" \/>\n\t<meta property=\"og:image:height\" content=\"2560\" \/>\n\t<meta property=\"og:image:type\" content=\"image\/jpeg\" \/>\n<meta name=\"twitter:card\" content=\"summary_large_image\" \/>\n<meta name=\"twitter:label1\" content=\"Dur\u00e9e de lecture estim\u00e9e\" \/>\n\t<meta name=\"twitter:data1\" content=\"1 minute\" \/>\n<script type=\"application\/ld+json\" class=\"yoast-schema-graph\">{\"@context\":\"https:\\\/\\\/schema.org\",\"@graph\":[{\"@type\":\"WebPage\",\"@id\":\"https:\\\/\\\/stickers.best\\\/index.php\\\/produit\\\/pack-norme-iqfoil-nom\\\/\",\"url\":\"https:\\\/\\\/stickers.best\\\/index.php\\\/produit\\\/pack-norme-iqfoil-nom\\\/\",\"name\":\"Pack Norme IQFoil Nom - Stickers.Best\",\"isPartOf\":{\"@id\":\"https:\\\/\\\/stickers.best\\\/#website\"},\"primaryImageOfPage\":{\"@id\":\"https:\\\/\\\/stickers.best\\\/index.php\\\/produit\\\/pack-norme-iqfoil-nom\\\/#primaryimage\"},\"image\":{\"@id\":\"https:\\\/\\\/stickers.best\\\/index.php\\\/produit\\\/pack-norme-iqfoil-nom\\\/#primaryimage\"},\"thumbnailUrl\":\"https:\\\/\\\/stickers.best\\\/wp-content\\\/uploads\\\/2024\\\/04\\\/IQFOIL-Nom-05-scaled.jpg\",\"datePublished\":\"2024-04-12T15:14:36+00:00\",\"dateModified\":\"2024-05-06T08:52:43+00:00\",\"description\":\"Stickers.best and Fuck the rest !!! Vente en ligne de stickers personnalis\u00e9s 100% qualit\u00e9 et 100 % made in France !\",\"breadcrumb\":{\"@id\":\"https:\\\/\\\/stickers.best\\\/index.php\\\/produit\\\/pack-norme-iqfoil-nom\\\/#breadcrumb\"},\"inLanguage\":\"fr-FR\",\"potentialAction\":[{\"@type\":\"ReadAction\",\"target\":[\"https:\\\/\\\/stickers.best\\\/index.php\\\/produit\\\/pack-norme-iqfoil-nom\\\/\"]}]},{\"@type\":\"ImageObject\",\"inLanguage\":\"fr-FR\",\"@id\":\"https:\\\/\\\/stickers.best\\\/index.php\\\/produit\\\/pack-norme-iqfoil-nom\\\/#primaryimage\",\"url\":\"https:\\\/\\\/stickers.best\\\/wp-content\\\/uploads\\\/2024\\\/04\\\/IQFOIL-Nom-05-scaled.jpg\",\"contentUrl\":\"https:\\\/\\\/stickers.best\\\/wp-content\\\/uploads\\\/2024\\\/04\\\/IQFOIL-Nom-05-scaled.jpg\",\"width\":2560,\"height\":2560},{\"@type\":\"BreadcrumbList\",\"@id\":\"https:\\\/\\\/stickers.best\\\/index.php\\\/produit\\\/pack-norme-iqfoil-nom\\\/#breadcrumb\",\"itemListElement\":[{\"@type\":\"ListItem\",\"position\":1,\"name\":\"Accueil\",\"item\":\"https:\\\/\\\/stickers.best\\\/\"},{\"@type\":\"ListItem\",\"position\":2,\"name\":\"Boutique\",\"item\":\"https:\\\/\\\/stickers.best\\\/index.php\\\/boutique\\\/\"},{\"@type\":\"ListItem\",\"position\":3,\"name\":\"Pack Norme IQFoil Nom\"}]},{\"@type\":\"WebSite\",\"@id\":\"https:\\\/\\\/stickers.best\\\/#website\",\"url\":\"https:\\\/\\\/stickers.best\\\/\",\"name\":\"Stickers.Best\",\"description\":\"Stickers.best Best Stickers for Best Riders\",\"publisher\":{\"@id\":\"https:\\\/\\\/stickers.best\\\/#organization\"},\"potentialAction\":[{\"@type\":\"SearchAction\",\"target\":{\"@type\":\"EntryPoint\",\"urlTemplate\":\"https:\\\/\\\/stickers.best\\\/?s={search_term_string}\"},\"query-input\":{\"@type\":\"PropertyValueSpecification\",\"valueRequired\":true,\"valueName\":\"search_term_string\"}}],\"inLanguage\":\"fr-FR\"},{\"@type\":\"Organization\",\"@id\":\"https:\\\/\\\/stickers.best\\\/#organization\",\"name\":\"Stickers.best\",\"url\":\"https:\\\/\\\/stickers.best\\\/\",\"logo\":{\"@type\":\"ImageObject\",\"inLanguage\":\"fr-FR\",\"@id\":\"https:\\\/\\\/stickers.best\\\/#\\\/schema\\\/logo\\\/image\\\/\",\"url\":\"https:\\\/\\\/stickers.best\\\/wp-content\\\/uploads\\\/2020\\\/10\\\/Logo_Stickers-best-512.png\",\"contentUrl\":\"https:\\\/\\\/stickers.best\\\/wp-content\\\/uploads\\\/2020\\\/10\\\/Logo_Stickers-best-512.png\",\"width\":512,\"height\":512,\"caption\":\"Stickers.best\"},\"image\":{\"@id\":\"https:\\\/\\\/stickers.best\\\/#\\\/schema\\\/logo\\\/image\\\/\"},\"sameAs\":[\"https:\\\/\\\/www.facebook.com\\\/Stickersbest-115743130294132\"]}]}<\/script>\n<!-- \/ Yoast SEO plugin. -->","yoast_head_json":{"title":"Pack Norme IQFoil Nom - Stickers.Best","description":"Stickers.best and Fuck the rest !!! Vente en ligne de stickers personnalis\u00e9s 100% qualit\u00e9 et 100 % made in France !","robots":{"index":"index","follow":"follow","max-snippet":"max-snippet:-1","max-image-preview":"max-image-preview:large","max-video-preview":"max-video-preview:-1"},"canonical":"https:\/\/stickers.best\/index.php\/produit\/pack-norme-iqfoil-nom\/","og_locale":"fr_FR","og_type":"article","og_title":"Pack Norme IQFoil Nom - Stickers.Best","og_description":"Stickers.best and Fuck the rest !!! Vente en ligne de stickers personnalis\u00e9s 100% qualit\u00e9 et 100 % made in France !","og_url":"https:\/\/stickers.best\/index.php\/produit\/pack-norme-iqfoil-nom\/","og_site_name":"Stickers.Best","article_publisher":"https:\/\/www.facebook.com\/Stickersbest-115743130294132","article_modified_time":"2024-05-06T08:52:43+00:00","og_image":[{"width":2560,"height":2560,"url":"https:\/\/stickers.best\/wp-content\/uploads\/2024\/04\/IQFOIL-Nom-05-scaled.jpg","type":"image\/jpeg"}],"twitter_card":"summary_large_image","twitter_misc":{"Dur\u00e9e de lecture estim\u00e9e":"1 minute"},"schema":{"@context":"https:\/\/schema.org","@graph":[{"@type":"WebPage","@id":"https:\/\/stickers.best\/index.php\/produit\/pack-norme-iqfoil-nom\/","url":"https:\/\/stickers.best\/index.php\/produit\/pack-norme-iqfoil-nom\/","name":"Pack Norme IQFoil Nom - Stickers.Best","isPartOf":{"@id":"https:\/\/stickers.best\/#website"},"primaryImageOfPage":{"@id":"https:\/\/stickers.best\/index.php\/produit\/pack-norme-iqfoil-nom\/#primaryimage"},"image":{"@id":"https:\/\/stickers.best\/index.php\/produit\/pack-norme-iqfoil-nom\/#primaryimage"},"thumbnailUrl":"https:\/\/stickers.best\/wp-content\/uploads\/2024\/04\/IQFOIL-Nom-05-scaled.jpg","datePublished":"2024-04-12T15:14:36+00:00","dateModified":"2024-05-06T08:52:43+00:00","description":"Stickers.best and Fuck the rest !!! Vente en ligne de stickers personnalis\u00e9s 100% qualit\u00e9 et 100 % made in France !","breadcrumb":{"@id":"https:\/\/stickers.best\/index.php\/produit\/pack-norme-iqfoil-nom\/#breadcrumb"},"inLanguage":"fr-FR","potentialAction":[{"@type":"ReadAction","target":["https:\/\/stickers.best\/index.php\/produit\/pack-norme-iqfoil-nom\/"]}]},{"@type":"ImageObject","inLanguage":"fr-FR","@id":"https:\/\/stickers.best\/index.php\/produit\/pack-norme-iqfoil-nom\/#primaryimage","url":"https:\/\/stickers.best\/wp-content\/uploads\/2024\/04\/IQFOIL-Nom-05-scaled.jpg","contentUrl":"https:\/\/stickers.best\/wp-content\/uploads\/2024\/04\/IQFOIL-Nom-05-scaled.jpg","width":2560,"height":2560},{"@type":"BreadcrumbList","@id":"https:\/\/stickers.best\/index.php\/produit\/pack-norme-iqfoil-nom\/#breadcrumb","itemListElement":[{"@type":"ListItem","position":1,"name":"Accueil","item":"https:\/\/stickers.best\/"},{"@type":"ListItem","position":2,"name":"Boutique","item":"https:\/\/stickers.best\/index.php\/boutique\/"},{"@type":"ListItem","position":3,"name":"Pack Norme IQFoil Nom"}]},{"@type":"WebSite","@id":"https:\/\/stickers.best\/#website","url":"https:\/\/stickers.best\/","name":"Stickers.Best","description":"Stickers.best Best Stickers for Best Riders","publisher":{"@id":"https:\/\/stickers.best\/#organization"},"potentialAction":[{"@type":"SearchAction","target":{"@type":"EntryPoint","urlTemplate":"https:\/\/stickers.best\/?s={search_term_string}"},"query-input":{"@type":"PropertyValueSpecification","valueRequired":true,"valueName":"search_term_string"}}],"inLanguage":"fr-FR"},{"@type":"Organization","@id":"https:\/\/stickers.best\/#organization","name":"Stickers.best","url":"https:\/\/stickers.best\/","logo":{"@type":"ImageObject","inLanguage":"fr-FR","@id":"https:\/\/stickers.best\/#\/schema\/logo\/image\/","url":"https:\/\/stickers.best\/wp-content\/uploads\/2020\/10\/Logo_Stickers-best-512.png","contentUrl":"https:\/\/stickers.best\/wp-content\/uploads\/2020\/10\/Logo_Stickers-best-512.png","width":512,"height":512,"caption":"Stickers.best"},"image":{"@id":"https:\/\/stickers.best\/#\/schema\/logo\/image\/"},"sameAs":["https:\/\/www.facebook.com\/Stickersbest-115743130294132"]}]}},"_links":{"self":[{"href":"https:\/\/stickers.best\/index.php\/wp-json\/wp\/v2\/product\/1731","targetHints":{"allow":["GET"]}}],"collection":[{"href":"https:\/\/stickers.best\/index.php\/wp-json\/wp\/v2\/product"}],"about":[{"href":"https:\/\/stickers.best\/index.php\/wp-json\/wp\/v2\/types\/product"}],"replies":[{"embeddable":true,"href":"https:\/\/stickers.best\/index.php\/wp-json\/wp\/v2\/comments?post=1731"}],"wp:featuredmedia":[{"embeddable":true,"href":"https:\/\/stickers.best\/index.php\/wp-json\/wp\/v2\/media\/1732"}],"wp:attachment":[{"href":"https:\/\/stickers.best\/index.php\/wp-json\/wp\/v2\/media?parent=1731"}],"wp:term":[{"taxonomy":"product_brand","embeddable":true,"href":"https:\/\/stickers.best\/index.php\/wp-json\/wp\/v2\/product_brand?post=1731"},{"taxonomy":"product_cat","embeddable":true,"href":"https:\/\/stickers.best\/index.php\/wp-json\/wp\/v2\/product_cat?post=1731"},{"taxonomy":"product_tag","embeddable":true,"href":"https:\/\/stickers.best\/index.php\/wp-json\/wp\/v2\/product_tag?post=1731"}],"curies":[{"name":"wp","href":"https:\/\/api.w.org\/{rel}","templated":true}]}}