{"id":1416,"date":"2022-10-11T18:00:50","date_gmt":"2022-10-11T16:00:50","guid":{"rendered":"https:\/\/stickers.best\/?post_type=product&#038;p=1416"},"modified":"2024-05-06T10:52:58","modified_gmt":"2024-05-06T08:52:58","slug":"iq-foil-class-insignia-women","status":"publish","type":"product","link":"https:\/\/stickers.best\/index.php\/produit\/iq-foil-class-insignia-women\/","title":{"rendered":"Pack de 2 Class Insignia IQ Foil Women"},"content":{"rendered":"","protected":false},"excerpt":{"rendered":"<div class=\"nav nav-tabs\">\n<div class=\"nav nav-tabs\">\n<p><strong>Pack de 2 class Insignia IQFOIL Women<\/strong><\/p>\n<\/div>\n<div id=\"tab-content\" class=\"tab-content\">\n<div id=\"description\" class=\"tab-pane fade in active\">\n<div class=\"product-description\">\n<ul>\n<li>2 sigles recto-verso<\/li>\n<li>Adh\u00e9sif polym\u00e8re pour une meilleure durabilit\u00e9<\/li>\n<li>Impression HD pour une belle qualit\u00e9 d&#8217;image<\/li>\n<\/ul>\n<\/div>\n<\/div>\n<\/div>\n<\/div>\n<p><a href=\"https:\/\/stickers.best\/index.php\/coller-des-stickers-a-leau\/\" target=\"_blank\" rel=\"noopener\"><strong>ICI vid\u00e9o de d\u00e9monstration de collage des stickers<\/strong><\/a><\/p>\n<p>Fabrication fran\u00e7aise sur commande &#8211; Envoi rapide<\/p>\n","protected":false},"featured_media":1417,"comment_status":"closed","ping_status":"closed","template":"","meta":[],"product_brand":[],"product_cat":[98],"product_tag":[137,130,136,102,101],"class_list":{"0":"post-1416","1":"product","2":"type-product","3":"status-publish","4":"has-post-thumbnail","6":"product_cat-windsurf","7":"product_tag-class-insignia","8":"product_tag-iq-foil","9":"product_tag-iq-foil-class-women","10":"product_tag-sticker-windsurf","11":"product_tag-windsurf","13":"first","14":"instock","15":"taxable","16":"shipping-taxable","17":"purchasable","18":"product-type-simple"},"yoast_head":"<!-- This site is optimized with the Yoast SEO plugin v27.3 - https:\/\/yoast.com\/product\/yoast-seo-wordpress\/ -->\n<title>Pack de 2 Class Insignia IQ Foil Women - Stickers.Best<\/title>\n<meta name=\"description\" content=\"Stickers.best and Fuck the rest !!! Vente en ligne de stickers personnalis\u00e9s 100% qualit\u00e9 et 100 % made in France !\" \/>\n<meta name=\"robots\" content=\"index, follow, max-snippet:-1, max-image-preview:large, max-video-preview:-1\" \/>\n<link rel=\"canonical\" href=\"https:\/\/stickers.best\/index.php\/produit\/iq-foil-class-insignia-women\/\" \/>\n<meta property=\"og:locale\" content=\"fr_FR\" \/>\n<meta property=\"og:type\" content=\"article\" \/>\n<meta property=\"og:title\" content=\"Pack de 2 Class Insignia IQ Foil Women - Stickers.Best\" \/>\n<meta property=\"og:description\" content=\"Stickers.best and Fuck the rest !!! Vente en ligne de stickers personnalis\u00e9s 100% qualit\u00e9 et 100 % made in France !\" \/>\n<meta property=\"og:url\" content=\"https:\/\/stickers.best\/index.php\/produit\/iq-foil-class-insignia-women\/\" \/>\n<meta property=\"og:site_name\" content=\"Stickers.Best\" \/>\n<meta property=\"article:publisher\" content=\"https:\/\/www.facebook.com\/Stickersbest-115743130294132\" \/>\n<meta property=\"article:modified_time\" content=\"2024-05-06T08:52:58+00:00\" \/>\n<meta property=\"og:image\" content=\"https:\/\/stickers.best\/wp-content\/uploads\/2022\/10\/IQ-Foil-Class-Women-01-scaled.jpg\" \/>\n\t<meta property=\"og:image:width\" content=\"2560\" \/>\n\t<meta property=\"og:image:height\" content=\"2560\" \/>\n\t<meta property=\"og:image:type\" content=\"image\/jpeg\" \/>\n<meta name=\"twitter:card\" content=\"summary_large_image\" \/>\n<script type=\"application\/ld+json\" class=\"yoast-schema-graph\">{\"@context\":\"https:\\\/\\\/schema.org\",\"@graph\":[{\"@type\":\"WebPage\",\"@id\":\"https:\\\/\\\/stickers.best\\\/index.php\\\/produit\\\/iq-foil-class-insignia-women\\\/\",\"url\":\"https:\\\/\\\/stickers.best\\\/index.php\\\/produit\\\/iq-foil-class-insignia-women\\\/\",\"name\":\"Pack de 2 Class Insignia IQ Foil Women - Stickers.Best\",\"isPartOf\":{\"@id\":\"https:\\\/\\\/stickers.best\\\/#website\"},\"primaryImageOfPage\":{\"@id\":\"https:\\\/\\\/stickers.best\\\/index.php\\\/produit\\\/iq-foil-class-insignia-women\\\/#primaryimage\"},\"image\":{\"@id\":\"https:\\\/\\\/stickers.best\\\/index.php\\\/produit\\\/iq-foil-class-insignia-women\\\/#primaryimage\"},\"thumbnailUrl\":\"https:\\\/\\\/stickers.best\\\/wp-content\\\/uploads\\\/2022\\\/10\\\/IQ-Foil-Class-Women-01-scaled.jpg\",\"datePublished\":\"2022-10-11T16:00:50+00:00\",\"dateModified\":\"2024-05-06T08:52:58+00:00\",\"description\":\"Stickers.best and Fuck the rest !!! Vente en ligne de stickers personnalis\u00e9s 100% qualit\u00e9 et 100 % made in France !\",\"breadcrumb\":{\"@id\":\"https:\\\/\\\/stickers.best\\\/index.php\\\/produit\\\/iq-foil-class-insignia-women\\\/#breadcrumb\"},\"inLanguage\":\"fr-FR\",\"potentialAction\":[{\"@type\":\"ReadAction\",\"target\":[\"https:\\\/\\\/stickers.best\\\/index.php\\\/produit\\\/iq-foil-class-insignia-women\\\/\"]}]},{\"@type\":\"ImageObject\",\"inLanguage\":\"fr-FR\",\"@id\":\"https:\\\/\\\/stickers.best\\\/index.php\\\/produit\\\/iq-foil-class-insignia-women\\\/#primaryimage\",\"url\":\"https:\\\/\\\/stickers.best\\\/wp-content\\\/uploads\\\/2022\\\/10\\\/IQ-Foil-Class-Women-01-scaled.jpg\",\"contentUrl\":\"https:\\\/\\\/stickers.best\\\/wp-content\\\/uploads\\\/2022\\\/10\\\/IQ-Foil-Class-Women-01-scaled.jpg\",\"width\":2560,\"height\":2560,\"caption\":\"Sticker de voile IQ Foil Class Women\"},{\"@type\":\"BreadcrumbList\",\"@id\":\"https:\\\/\\\/stickers.best\\\/index.php\\\/produit\\\/iq-foil-class-insignia-women\\\/#breadcrumb\",\"itemListElement\":[{\"@type\":\"ListItem\",\"position\":1,\"name\":\"Accueil\",\"item\":\"https:\\\/\\\/stickers.best\\\/\"},{\"@type\":\"ListItem\",\"position\":2,\"name\":\"Boutique\",\"item\":\"https:\\\/\\\/stickers.best\\\/index.php\\\/boutique\\\/\"},{\"@type\":\"ListItem\",\"position\":3,\"name\":\"Pack de 2 Class Insignia IQ Foil Women\"}]},{\"@type\":\"WebSite\",\"@id\":\"https:\\\/\\\/stickers.best\\\/#website\",\"url\":\"https:\\\/\\\/stickers.best\\\/\",\"name\":\"Stickers.Best\",\"description\":\"Stickers.best Best Stickers for Best Riders\",\"publisher\":{\"@id\":\"https:\\\/\\\/stickers.best\\\/#organization\"},\"potentialAction\":[{\"@type\":\"SearchAction\",\"target\":{\"@type\":\"EntryPoint\",\"urlTemplate\":\"https:\\\/\\\/stickers.best\\\/?s={search_term_string}\"},\"query-input\":{\"@type\":\"PropertyValueSpecification\",\"valueRequired\":true,\"valueName\":\"search_term_string\"}}],\"inLanguage\":\"fr-FR\"},{\"@type\":\"Organization\",\"@id\":\"https:\\\/\\\/stickers.best\\\/#organization\",\"name\":\"Stickers.best\",\"url\":\"https:\\\/\\\/stickers.best\\\/\",\"logo\":{\"@type\":\"ImageObject\",\"inLanguage\":\"fr-FR\",\"@id\":\"https:\\\/\\\/stickers.best\\\/#\\\/schema\\\/logo\\\/image\\\/\",\"url\":\"https:\\\/\\\/stickers.best\\\/wp-content\\\/uploads\\\/2020\\\/10\\\/Logo_Stickers-best-512.png\",\"contentUrl\":\"https:\\\/\\\/stickers.best\\\/wp-content\\\/uploads\\\/2020\\\/10\\\/Logo_Stickers-best-512.png\",\"width\":512,\"height\":512,\"caption\":\"Stickers.best\"},\"image\":{\"@id\":\"https:\\\/\\\/stickers.best\\\/#\\\/schema\\\/logo\\\/image\\\/\"},\"sameAs\":[\"https:\\\/\\\/www.facebook.com\\\/Stickersbest-115743130294132\"]}]}<\/script>\n<!-- \/ Yoast SEO plugin. -->","yoast_head_json":{"title":"Pack de 2 Class Insignia IQ Foil Women - Stickers.Best","description":"Stickers.best and Fuck the rest !!! Vente en ligne de stickers personnalis\u00e9s 100% qualit\u00e9 et 100 % made in France !","robots":{"index":"index","follow":"follow","max-snippet":"max-snippet:-1","max-image-preview":"max-image-preview:large","max-video-preview":"max-video-preview:-1"},"canonical":"https:\/\/stickers.best\/index.php\/produit\/iq-foil-class-insignia-women\/","og_locale":"fr_FR","og_type":"article","og_title":"Pack de 2 Class Insignia IQ Foil Women - Stickers.Best","og_description":"Stickers.best and Fuck the rest !!! Vente en ligne de stickers personnalis\u00e9s 100% qualit\u00e9 et 100 % made in France !","og_url":"https:\/\/stickers.best\/index.php\/produit\/iq-foil-class-insignia-women\/","og_site_name":"Stickers.Best","article_publisher":"https:\/\/www.facebook.com\/Stickersbest-115743130294132","article_modified_time":"2024-05-06T08:52:58+00:00","og_image":[{"width":2560,"height":2560,"url":"https:\/\/stickers.best\/wp-content\/uploads\/2022\/10\/IQ-Foil-Class-Women-01-scaled.jpg","type":"image\/jpeg"}],"twitter_card":"summary_large_image","schema":{"@context":"https:\/\/schema.org","@graph":[{"@type":"WebPage","@id":"https:\/\/stickers.best\/index.php\/produit\/iq-foil-class-insignia-women\/","url":"https:\/\/stickers.best\/index.php\/produit\/iq-foil-class-insignia-women\/","name":"Pack de 2 Class Insignia IQ Foil Women - Stickers.Best","isPartOf":{"@id":"https:\/\/stickers.best\/#website"},"primaryImageOfPage":{"@id":"https:\/\/stickers.best\/index.php\/produit\/iq-foil-class-insignia-women\/#primaryimage"},"image":{"@id":"https:\/\/stickers.best\/index.php\/produit\/iq-foil-class-insignia-women\/#primaryimage"},"thumbnailUrl":"https:\/\/stickers.best\/wp-content\/uploads\/2022\/10\/IQ-Foil-Class-Women-01-scaled.jpg","datePublished":"2022-10-11T16:00:50+00:00","dateModified":"2024-05-06T08:52:58+00:00","description":"Stickers.best and Fuck the rest !!! Vente en ligne de stickers personnalis\u00e9s 100% qualit\u00e9 et 100 % made in France !","breadcrumb":{"@id":"https:\/\/stickers.best\/index.php\/produit\/iq-foil-class-insignia-women\/#breadcrumb"},"inLanguage":"fr-FR","potentialAction":[{"@type":"ReadAction","target":["https:\/\/stickers.best\/index.php\/produit\/iq-foil-class-insignia-women\/"]}]},{"@type":"ImageObject","inLanguage":"fr-FR","@id":"https:\/\/stickers.best\/index.php\/produit\/iq-foil-class-insignia-women\/#primaryimage","url":"https:\/\/stickers.best\/wp-content\/uploads\/2022\/10\/IQ-Foil-Class-Women-01-scaled.jpg","contentUrl":"https:\/\/stickers.best\/wp-content\/uploads\/2022\/10\/IQ-Foil-Class-Women-01-scaled.jpg","width":2560,"height":2560,"caption":"Sticker de voile IQ Foil Class Women"},{"@type":"BreadcrumbList","@id":"https:\/\/stickers.best\/index.php\/produit\/iq-foil-class-insignia-women\/#breadcrumb","itemListElement":[{"@type":"ListItem","position":1,"name":"Accueil","item":"https:\/\/stickers.best\/"},{"@type":"ListItem","position":2,"name":"Boutique","item":"https:\/\/stickers.best\/index.php\/boutique\/"},{"@type":"ListItem","position":3,"name":"Pack de 2 Class Insignia IQ Foil Women"}]},{"@type":"WebSite","@id":"https:\/\/stickers.best\/#website","url":"https:\/\/stickers.best\/","name":"Stickers.Best","description":"Stickers.best Best Stickers for Best Riders","publisher":{"@id":"https:\/\/stickers.best\/#organization"},"potentialAction":[{"@type":"SearchAction","target":{"@type":"EntryPoint","urlTemplate":"https:\/\/stickers.best\/?s={search_term_string}"},"query-input":{"@type":"PropertyValueSpecification","valueRequired":true,"valueName":"search_term_string"}}],"inLanguage":"fr-FR"},{"@type":"Organization","@id":"https:\/\/stickers.best\/#organization","name":"Stickers.best","url":"https:\/\/stickers.best\/","logo":{"@type":"ImageObject","inLanguage":"fr-FR","@id":"https:\/\/stickers.best\/#\/schema\/logo\/image\/","url":"https:\/\/stickers.best\/wp-content\/uploads\/2020\/10\/Logo_Stickers-best-512.png","contentUrl":"https:\/\/stickers.best\/wp-content\/uploads\/2020\/10\/Logo_Stickers-best-512.png","width":512,"height":512,"caption":"Stickers.best"},"image":{"@id":"https:\/\/stickers.best\/#\/schema\/logo\/image\/"},"sameAs":["https:\/\/www.facebook.com\/Stickersbest-115743130294132"]}]}},"_links":{"self":[{"href":"https:\/\/stickers.best\/index.php\/wp-json\/wp\/v2\/product\/1416","targetHints":{"allow":["GET"]}}],"collection":[{"href":"https:\/\/stickers.best\/index.php\/wp-json\/wp\/v2\/product"}],"about":[{"href":"https:\/\/stickers.best\/index.php\/wp-json\/wp\/v2\/types\/product"}],"replies":[{"embeddable":true,"href":"https:\/\/stickers.best\/index.php\/wp-json\/wp\/v2\/comments?post=1416"}],"wp:featuredmedia":[{"embeddable":true,"href":"https:\/\/stickers.best\/index.php\/wp-json\/wp\/v2\/media\/1417"}],"wp:attachment":[{"href":"https:\/\/stickers.best\/index.php\/wp-json\/wp\/v2\/media?parent=1416"}],"wp:term":[{"taxonomy":"product_brand","embeddable":true,"href":"https:\/\/stickers.best\/index.php\/wp-json\/wp\/v2\/product_brand?post=1416"},{"taxonomy":"product_cat","embeddable":true,"href":"https:\/\/stickers.best\/index.php\/wp-json\/wp\/v2\/product_cat?post=1416"},{"taxonomy":"product_tag","embeddable":true,"href":"https:\/\/stickers.best\/index.php\/wp-json\/wp\/v2\/product_tag?post=1416"}],"curies":[{"name":"wp","href":"https:\/\/api.w.org\/{rel}","templated":true}]}}