{"id":746,"date":"2019-10-07T04:50:38","date_gmt":"2019-10-07T04:50:38","guid":{"rendered":"https:\/\/mgana.la-studioweb.com\/?page_id=3"},"modified":"2023-10-10T16:02:49","modified_gmt":"2023-10-10T14:02:49","slug":"mentions-legales","status":"publish","type":"page","link":"https:\/\/stickers.best\/index.php\/mentions-legales\/","title":{"rendered":"Mentions l\u00e9gales"},"content":{"rendered":"\t\t<div data-elementor-type=\"wp-page\" data-elementor-id=\"746\" class=\"elementor elementor-746\" data-elementor-post-type=\"page\">\n\t\t\t\t\t\t<div class=\"elementor-section elementor-top-section elementor-element elementor-element-3a1201f8 elementor-section-boxed elementor-section-height-default elementor-section-height-default\" data-id=\"3a1201f8\" data-element_type=\"section\" data-e-type=\"section\">\n\t\t\t\t\t\t<div class=\"elementor-container elementor-column-gap-default\">\n\t\t\t\t\t<div class=\"elementor-column elementor-col-100 elementor-top-column elementor-element elementor-element-12fa6c57\" data-id=\"12fa6c57\" data-element_type=\"column\" data-e-type=\"column\">\n\t\t\t<div class=\"elementor-widget-wrap elementor-element-populated\">\n\t\t\t\t\t\t<div class=\"elementor-element elementor-element-62332ba4 elementor-widget elementor-widget-text-editor\" data-id=\"62332ba4\" data-element_type=\"widget\" data-e-type=\"widget\" data-widget_type=\"text-editor.default\">\n\t\t\t\t<div class=\"elementor-widget-container\">\n\t\t\t\t\t\t\t\t\t\n<h2 class=\"wp-block-heading\"><b>\u00c9DITEUR<\/b><strong>\u00a0:<\/strong><\/h2>\n<p>Stickers.best est un site de la soci\u00e9t\u00e9 ELEMENT SAS -44 route des Clos Barras 46 300 PAYRIGNAC enregistr\u00e9e au RCS de Cahors 825 271 554.<\/p>\n<p>Email\u00a0 de contact : contact@stickers.best<\/p>\n<p>T\u00e9l\u00e9phone : +33 6 11 08 79 50<\/p>\n<p>N\u00b0TVA : FR 60 825 271 554<\/p>\n<h2><b>H\u00c9BERGEMENT<\/b><strong>\u00a0:<\/strong><\/h2>\n<p>OVH<\/p>\n<p>SAS au capital de 10 069 020 \u20ac<\/p>\n<p>RCS Lille M\u00e9tropole 424 761 419 00045<\/p>\n<p>Code APE 2620Z<\/p>\n<p>N\u00b0 TVA : FR 22 424 761 419<\/p>\n<p>Si\u00e8ge social : 2 rue Kellermann &#8211; 59100 Roubaix &#8211; France<\/p>\n<h2><strong>Loi Informatique et libert\u00e9s :<\/strong><\/h2>\n<p>Exercice du droit d&#8217;acc\u00e8s Conform\u00e9ment \u00e0 l&#8217;article 34 de la loi &#8220;Informatique et Libert\u00e9s&#8221;, vous disposez d&#8217;un droit d&#8217;acc\u00e8s, de modification, de rectification et de suppression des donn\u00e9es qui vous concernent.\u00a0<\/p>\n<p>Pour exercer ce droit d&#8217;acc\u00e8s, adressez-vous \u00e0 : ELEMENT SAS &#8211; 44 route des Clos Barras 46 300 PAYRIGNAC<\/p>\n<p>Pour plus d&#8217;informations sur la loi &#8220;Informatique et Libert\u00e9s&#8221;, vous pouvez consulter le site Internet de la CNIL.<\/p>\n<h2><strong>Propri\u00e9t\u00e9 intellectuelle :<\/strong><\/h2>\n<p>L&#8217;utilisation du Site est r\u00e9serv\u00e9e \u00e0 un usage strictement personnel. En accord avec les lois r\u00e9gissant la propri\u00e9t\u00e9 des droits litt\u00e9raires et artistiques ou autres droits similaires, le pr\u00e9sent Site et tous les \u00e9l\u00e9ments, marques, dessins, mod\u00e8les, logos, graphiques, etc. se trouvant dans le pr\u00e9sent Site ainsi que leur compilation sont la propri\u00e9t\u00e9 exclusive d&#8217;ELEMENT SAS ou de ses fournisseurs, ces derniers ne conc\u00e9dant aucune licence, ni aucun autre droit que celui de consulter le Site.<\/p>\n<p>ELEMENT SAS rappelle que toute reproduction, utilisation ou modification, partielle ou totale, d&#8217;un quelconque \u00e9l\u00e9ment du site est strictement interdite, sauf autorisation pr\u00e9alable, sp\u00e9ciale et expresse d\u00b4ELEMENT SAS.<\/p>\n<p>En cons\u00e9quence, ELEMENT SAS pourra engager des poursuites, notamment en contrefa\u00e7on, \u00e0 l&#8217;\u00e9gard de tous ceux qui, directement ou indirectement, porteraient atteinte \u00e0 ses droits.<\/p>\n\t\t\t\t\t\t\t\t<\/div>\n\t\t\t\t<\/div>\n\t\t\t\t\t<\/div>\n\t\t<\/div>\n\t\t\t\t\t<\/div>\n\t\t<\/div>\n\t\t\t\t<\/div>\n\t\t","protected":false},"excerpt":{"rendered":"<p>\u00c9DITEUR\u00a0: Stickers.best est un site de la soci\u00e9t\u00e9 ELEMENT SAS -44 route des Clos Barras 46 300 PAYRIGNAC enregistr\u00e9e au RCS de Cahors 825 271 554. Email\u00a0 de contact : [&hellip;]<\/p>\n","protected":false},"author":1,"featured_media":0,"parent":0,"menu_order":0,"comment_status":"closed","ping_status":"closed","template":"elementor_header_footer","meta":{"footnotes":""},"class_list":["post-746","page","type-page","status-publish","hentry"],"yoast_head":"<!-- This site is optimized with the Yoast SEO plugin v27.3 - https:\/\/yoast.com\/product\/yoast-seo-wordpress\/ -->\n<title>Mentions l\u00e9gales - Stickers.Best<\/title>\n<meta name=\"description\" content=\"Le meilleur du sticker pour riders !!! Vente en ligne de stickers windsurf-kitesurf - 100% qualit\u00e9 et 100 % made in France !\" \/>\n<meta name=\"robots\" content=\"index, follow, max-snippet:-1, max-image-preview:large, max-video-preview:-1\" \/>\n<link rel=\"canonical\" href=\"https:\/\/stickers.best\/index.php\/mentions-legales\/\" \/>\n<meta property=\"og:locale\" content=\"fr_FR\" \/>\n<meta property=\"og:type\" content=\"article\" \/>\n<meta property=\"og:title\" content=\"Mentions l\u00e9gales - Stickers.Best\" \/>\n<meta property=\"og:description\" content=\"Le meilleur du sticker pour riders !!! Vente en ligne de stickers windsurf-kitesurf - 100% qualit\u00e9 et 100 % made in France !\" \/>\n<meta property=\"og:url\" content=\"https:\/\/stickers.best\/index.php\/mentions-legales\/\" \/>\n<meta property=\"og:site_name\" content=\"Stickers.Best\" \/>\n<meta property=\"article:publisher\" content=\"https:\/\/www.facebook.com\/Stickersbest-115743130294132\" \/>\n<meta property=\"article:modified_time\" content=\"2023-10-10T14:02:49+00:00\" \/>\n<meta name=\"twitter:card\" content=\"summary_large_image\" \/>\n<meta name=\"twitter:label1\" content=\"Dur\u00e9e de lecture estim\u00e9e\" \/>\n\t<meta name=\"twitter:data1\" content=\"2 minutes\" \/>\n<script type=\"application\/ld+json\" class=\"yoast-schema-graph\">{\"@context\":\"https:\\\/\\\/schema.org\",\"@graph\":[{\"@type\":\"WebPage\",\"@id\":\"https:\\\/\\\/stickers.best\\\/index.php\\\/mentions-legales\\\/\",\"url\":\"https:\\\/\\\/stickers.best\\\/index.php\\\/mentions-legales\\\/\",\"name\":\"Mentions l\u00e9gales - Stickers.Best\",\"isPartOf\":{\"@id\":\"https:\\\/\\\/stickers.best\\\/#website\"},\"datePublished\":\"2019-10-07T04:50:38+00:00\",\"dateModified\":\"2023-10-10T14:02:49+00:00\",\"description\":\"Le meilleur du sticker pour riders !!! Vente en ligne de stickers windsurf-kitesurf - 100% qualit\u00e9 et 100 % made in France !\",\"breadcrumb\":{\"@id\":\"https:\\\/\\\/stickers.best\\\/index.php\\\/mentions-legales\\\/#breadcrumb\"},\"inLanguage\":\"fr-FR\",\"potentialAction\":[{\"@type\":\"ReadAction\",\"target\":[\"https:\\\/\\\/stickers.best\\\/index.php\\\/mentions-legales\\\/\"]}]},{\"@type\":\"BreadcrumbList\",\"@id\":\"https:\\\/\\\/stickers.best\\\/index.php\\\/mentions-legales\\\/#breadcrumb\",\"itemListElement\":[{\"@type\":\"ListItem\",\"position\":1,\"name\":\"Accueil\",\"item\":\"https:\\\/\\\/stickers.best\\\/\"},{\"@type\":\"ListItem\",\"position\":2,\"name\":\"Mentions l\u00e9gales\"}]},{\"@type\":\"WebSite\",\"@id\":\"https:\\\/\\\/stickers.best\\\/#website\",\"url\":\"https:\\\/\\\/stickers.best\\\/\",\"name\":\"Stickers.Best\",\"description\":\"Stickers.best Best Stickers for Best Riders\",\"publisher\":{\"@id\":\"https:\\\/\\\/stickers.best\\\/#organization\"},\"potentialAction\":[{\"@type\":\"SearchAction\",\"target\":{\"@type\":\"EntryPoint\",\"urlTemplate\":\"https:\\\/\\\/stickers.best\\\/?s={search_term_string}\"},\"query-input\":{\"@type\":\"PropertyValueSpecification\",\"valueRequired\":true,\"valueName\":\"search_term_string\"}}],\"inLanguage\":\"fr-FR\"},{\"@type\":\"Organization\",\"@id\":\"https:\\\/\\\/stickers.best\\\/#organization\",\"name\":\"Stickers.best\",\"url\":\"https:\\\/\\\/stickers.best\\\/\",\"logo\":{\"@type\":\"ImageObject\",\"inLanguage\":\"fr-FR\",\"@id\":\"https:\\\/\\\/stickers.best\\\/#\\\/schema\\\/logo\\\/image\\\/\",\"url\":\"https:\\\/\\\/stickers.best\\\/wp-content\\\/uploads\\\/2020\\\/10\\\/Logo_Stickers-best-512.png\",\"contentUrl\":\"https:\\\/\\\/stickers.best\\\/wp-content\\\/uploads\\\/2020\\\/10\\\/Logo_Stickers-best-512.png\",\"width\":512,\"height\":512,\"caption\":\"Stickers.best\"},\"image\":{\"@id\":\"https:\\\/\\\/stickers.best\\\/#\\\/schema\\\/logo\\\/image\\\/\"},\"sameAs\":[\"https:\\\/\\\/www.facebook.com\\\/Stickersbest-115743130294132\"]}]}<\/script>\n<!-- \/ Yoast SEO plugin. -->","yoast_head_json":{"title":"Mentions l\u00e9gales - Stickers.Best","description":"Le meilleur du sticker pour riders !!! Vente en ligne de stickers windsurf-kitesurf - 100% qualit\u00e9 et 100 % made in France !","robots":{"index":"index","follow":"follow","max-snippet":"max-snippet:-1","max-image-preview":"max-image-preview:large","max-video-preview":"max-video-preview:-1"},"canonical":"https:\/\/stickers.best\/index.php\/mentions-legales\/","og_locale":"fr_FR","og_type":"article","og_title":"Mentions l\u00e9gales - Stickers.Best","og_description":"Le meilleur du sticker pour riders !!! Vente en ligne de stickers windsurf-kitesurf - 100% qualit\u00e9 et 100 % made in France !","og_url":"https:\/\/stickers.best\/index.php\/mentions-legales\/","og_site_name":"Stickers.Best","article_publisher":"https:\/\/www.facebook.com\/Stickersbest-115743130294132","article_modified_time":"2023-10-10T14:02:49+00:00","twitter_card":"summary_large_image","twitter_misc":{"Dur\u00e9e de lecture estim\u00e9e":"2 minutes"},"schema":{"@context":"https:\/\/schema.org","@graph":[{"@type":"WebPage","@id":"https:\/\/stickers.best\/index.php\/mentions-legales\/","url":"https:\/\/stickers.best\/index.php\/mentions-legales\/","name":"Mentions l\u00e9gales - Stickers.Best","isPartOf":{"@id":"https:\/\/stickers.best\/#website"},"datePublished":"2019-10-07T04:50:38+00:00","dateModified":"2023-10-10T14:02:49+00:00","description":"Le meilleur du sticker pour riders !!! Vente en ligne de stickers windsurf-kitesurf - 100% qualit\u00e9 et 100 % made in France !","breadcrumb":{"@id":"https:\/\/stickers.best\/index.php\/mentions-legales\/#breadcrumb"},"inLanguage":"fr-FR","potentialAction":[{"@type":"ReadAction","target":["https:\/\/stickers.best\/index.php\/mentions-legales\/"]}]},{"@type":"BreadcrumbList","@id":"https:\/\/stickers.best\/index.php\/mentions-legales\/#breadcrumb","itemListElement":[{"@type":"ListItem","position":1,"name":"Accueil","item":"https:\/\/stickers.best\/"},{"@type":"ListItem","position":2,"name":"Mentions l\u00e9gales"}]},{"@type":"WebSite","@id":"https:\/\/stickers.best\/#website","url":"https:\/\/stickers.best\/","name":"Stickers.Best","description":"Stickers.best Best Stickers for Best Riders","publisher":{"@id":"https:\/\/stickers.best\/#organization"},"potentialAction":[{"@type":"SearchAction","target":{"@type":"EntryPoint","urlTemplate":"https:\/\/stickers.best\/?s={search_term_string}"},"query-input":{"@type":"PropertyValueSpecification","valueRequired":true,"valueName":"search_term_string"}}],"inLanguage":"fr-FR"},{"@type":"Organization","@id":"https:\/\/stickers.best\/#organization","name":"Stickers.best","url":"https:\/\/stickers.best\/","logo":{"@type":"ImageObject","inLanguage":"fr-FR","@id":"https:\/\/stickers.best\/#\/schema\/logo\/image\/","url":"https:\/\/stickers.best\/wp-content\/uploads\/2020\/10\/Logo_Stickers-best-512.png","contentUrl":"https:\/\/stickers.best\/wp-content\/uploads\/2020\/10\/Logo_Stickers-best-512.png","width":512,"height":512,"caption":"Stickers.best"},"image":{"@id":"https:\/\/stickers.best\/#\/schema\/logo\/image\/"},"sameAs":["https:\/\/www.facebook.com\/Stickersbest-115743130294132"]}]}},"_links":{"self":[{"href":"https:\/\/stickers.best\/index.php\/wp-json\/wp\/v2\/pages\/746","targetHints":{"allow":["GET"]}}],"collection":[{"href":"https:\/\/stickers.best\/index.php\/wp-json\/wp\/v2\/pages"}],"about":[{"href":"https:\/\/stickers.best\/index.php\/wp-json\/wp\/v2\/types\/page"}],"author":[{"embeddable":true,"href":"https:\/\/stickers.best\/index.php\/wp-json\/wp\/v2\/users\/1"}],"replies":[{"embeddable":true,"href":"https:\/\/stickers.best\/index.php\/wp-json\/wp\/v2\/comments?post=746"}],"version-history":[{"count":6,"href":"https:\/\/stickers.best\/index.php\/wp-json\/wp\/v2\/pages\/746\/revisions"}],"predecessor-version":[{"id":1642,"href":"https:\/\/stickers.best\/index.php\/wp-json\/wp\/v2\/pages\/746\/revisions\/1642"}],"wp:attachment":[{"href":"https:\/\/stickers.best\/index.php\/wp-json\/wp\/v2\/media?parent=746"}],"curies":[{"name":"wp","href":"https:\/\/api.w.org\/{rel}","templated":true}]}}