{"id":390,"date":"2019-10-29T04:31:23","date_gmt":"2019-10-29T04:31:23","guid":{"rendered":"https:\/\/mgana.la-studioweb.com\/?page_id=390"},"modified":"2020-09-26T15:22:06","modified_gmt":"2020-09-26T13:22:06","slug":"coming-soon","status":"publish","type":"page","link":"https:\/\/stickers.best\/index.php\/coming-soon\/","title":{"rendered":"Coming Soon"},"content":{"rendered":"\t\t<div data-elementor-type=\"wp-post\" data-elementor-id=\"390\" class=\"elementor elementor-390\" data-elementor-post-type=\"page\">\n\t\t\t\t\t\t<div class=\"elementor-section elementor-top-section elementor-element elementor-element-8a55740 elementor-section-stretched elementor-section-height-min-height elementor-section-content-middle elementor-section-boxed elementor-section-height-default elementor-section-items-middle\" data-id=\"8a55740\" data-element_type=\"section\" data-e-type=\"section\" data-settings=\"{&quot;stretch_section&quot;:&quot;section-stretched&quot;,&quot;background_background&quot;:&quot;classic&quot;}\">\n\t\t\t\t\t\t\t<div class=\"elementor-background-overlay\"><\/div>\n\t\t\t\t\t\t\t<div class=\"elementor-container elementor-column-gap-no\">\n\t\t\t\t\t<div class=\"elementor-column elementor-col-50 elementor-top-column elementor-element elementor-element-7780958\" data-id=\"7780958\" data-element_type=\"column\" data-e-type=\"column\">\n\t\t\t<div class=\"elementor-widget-wrap elementor-element-populated\">\n\t\t\t\t\t\t<div class=\"elementor-element elementor-element-0b874de elementor-invisible elementor-widget elementor-widget-heading\" data-id=\"0b874de\" data-element_type=\"widget\" data-e-type=\"widget\" data-settings=\"{&quot;_animation&quot;:&quot;fadeInUp&quot;}\" data-widget_type=\"heading.default\">\n\t\t\t\t<div class=\"elementor-widget-container\">\n\t\t\t\t\t<h2 class=\"elementor-heading-title elementor-size-default\">New York FASHION WEEK 2019<\/h2>\t\t\t\t<\/div>\n\t\t\t\t<\/div>\n\t\t\t\t<div class=\"elementor-element elementor-element-13c83b0 elementor-widget__width-initial elementor-invisible elementor-widget elementor-widget-heading\" data-id=\"13c83b0\" data-element_type=\"widget\" data-e-type=\"widget\" data-settings=\"{&quot;_animation&quot;:&quot;fadeInUp&quot;,&quot;_animation_delay&quot;:150}\" data-widget_type=\"heading.default\">\n\t\t\t\t<div class=\"elementor-widget-container\">\n\t\t\t\t\t<h3 class=\"elementor-heading-title elementor-size-default\">COMING VERY SOON<\/h3>\t\t\t\t<\/div>\n\t\t\t\t<\/div>\n\t\t\t\t<div class=\"elementor-element elementor-element-9d22780 elementor-invisible elementor-widget elementor-widget-lastudio-countdown-timer\" data-id=\"9d22780\" data-element_type=\"widget\" data-e-type=\"widget\" data-settings=\"{&quot;_animation&quot;:&quot;fadeInUp&quot;,&quot;_animation_delay&quot;:250}\" data-widget_type=\"lastudio-countdown-timer.default\">\n\t\t\t\t<div class=\"elementor-widget-container\">\n\t\t\t\t\t<div class=\"elementor-lastudio-countdown-timer lastudio-elements js-el\" data-la_component=\"CountDownTimer\">\n\t<div class=\"lastudio-countdown-timer timer-fixed\" data-due-date=\"1779181440\">\n\t\t<div class=\"lastudio-countdown-timer__item item-days\">\n\t<div class=\"lastudio-countdown-timer__item-value\" data-value=\"days\"><span class=\"lastudio-countdown-timer__digit\">0<\/span><span class=\"lastudio-countdown-timer__digit\">0<\/span><\/div>\n\t<div class=\"lastudio-countdown-timer__item-label\">days<\/div><\/div>\n\t\t<div class=\"lastudio-countdown-timer__item item-hours\">\n\t<div class=\"lastudio-countdown-timer__item-value\" data-value=\"hours\"><span class=\"lastudio-countdown-timer__digit\">0<\/span><span class=\"lastudio-countdown-timer__digit\">0<\/span><\/div>\n\t<div class=\"lastudio-countdown-timer__item-label\">hours<\/div><\/div>\n\t\t<div class=\"lastudio-countdown-timer__item item-minutes\">\n\t<div class=\"lastudio-countdown-timer__item-value\" data-value=\"minutes\"><span class=\"lastudio-countdown-timer__digit\">0<\/span><span class=\"lastudio-countdown-timer__digit\">0<\/span><\/div>\n\t<div class=\"lastudio-countdown-timer__item-label\">minutes<\/div><\/div>\n\t\t<div class=\"lastudio-countdown-timer__item item-seconds\">\n\t<div class=\"lastudio-countdown-timer__item-value\" data-value=\"seconds\"><span class=\"lastudio-countdown-timer__digit\">0<\/span><span class=\"lastudio-countdown-timer__digit\">0<\/span><\/div>\n\t<div class=\"lastudio-countdown-timer__item-label\">seconds<\/div><\/div>\n\t<\/div>\n<\/div>\n\t\t\t\t<\/div>\n\t\t\t\t<\/div>\n\t\t\t\t<div class=\"elementor-element elementor-element-e13ed57 lastudio-dropbar-position-top-center elementor-invisible elementor-widget elementor-widget-lastudio-dropbar\" data-id=\"e13ed57\" data-element_type=\"widget\" data-e-type=\"widget\" data-settings=\"{&quot;_animation&quot;:&quot;fadeInUp&quot;,&quot;_animation_delay&quot;:350}\" data-widget_type=\"lastudio-dropbar.default\">\n\t\t\t\t<div class=\"elementor-widget-container\">\n\t\t\t\t\t\n<div class=\"lastudio-dropbar lastudio-dropbar--fade-effect\" data-settings=\"{&quot;mode&quot;:&quot;click&quot;,&quot;hide_delay&quot;:false}\">\n\t<div class=\"lastudio-dropbar__inner\">\n<button class=\"lastudio-dropbar__button elementor-animation-bob\"><span class=\"lastudio-dropbar__button-text\">Get Notify<\/span><\/button>\n<div class=\"lastudio-dropbar__content-wrapper\">\n\t<div class=\"lastudio-dropbar__content\">\t\t<div data-elementor-type=\"section\" data-elementor-id=\"413\" class=\"elementor elementor-413\" data-elementor-post-type=\"elementor_library\">\n\t\t\t\t\t<div class=\"elementor-section elementor-top-section elementor-element elementor-element-6633a3d6 elementor-section-full_width elementor-section-height-default elementor-section-height-default\" data-id=\"6633a3d6\" data-element_type=\"section\" data-e-type=\"section\">\n\t\t\t\t\t\t<div class=\"elementor-container elementor-column-gap-no\">\n\t\t\t\t\t<div class=\"elementor-column elementor-col-100 elementor-top-column elementor-element elementor-element-14282a8f\" data-id=\"14282a8f\" data-element_type=\"column\" data-e-type=\"column\">\n\t\t\t<div class=\"elementor-widget-wrap elementor-element-populated\">\n\t\t\t\t\t\t<div class=\"elementor-element elementor-element-1208914b elementor-widget__width-initial elementor-widget-laptop__width-initial elementor-widget elementor-widget-heading\" data-id=\"1208914b\" data-element_type=\"widget\" data-e-type=\"widget\" data-widget_type=\"heading.default\">\n\t\t\t\t<div class=\"elementor-widget-container\">\n\t\t\t\t\t<h4 class=\"elementor-heading-title elementor-size-default\">Attention !!!<br>Nos d\u00e9lais de fabrication sont allong\u00e9s  pour cause de d\u00e9m\u00e9nagement.<br>Les commandes ne seront trait\u00e9es qu'\u00e0 partir du 28 aout.<\/h4>\t\t\t\t<\/div>\n\t\t\t\t<\/div>\n\t\t\t\t<div class=\"elementor-element elementor-element-18521a0d elementor-widget elementor-widget-spacer\" data-id=\"18521a0d\" data-element_type=\"widget\" data-e-type=\"widget\" data-widget_type=\"spacer.default\">\n\t\t\t\t<div class=\"elementor-widget-container\">\n\t\t\t\t\t\t\t<div class=\"elementor-spacer\">\n\t\t\t<div class=\"elementor-spacer-inner\"><\/div>\n\t\t<\/div>\n\t\t\t\t\t\t<\/div>\n\t\t\t\t<\/div>\n\t\t\t\t\t<\/div>\n\t\t<\/div>\n\t\t\t\t\t<\/div>\n\t\t<\/div>\n\t\t\t\t<\/div>\n\t\t<\/div>\n<\/div><\/div>\n<\/div>\n\t\t\t\t<\/div>\n\t\t\t\t<\/div>\n\t\t\t\t\t<\/div>\n\t\t<\/div>\n\t\t\t\t<div class=\"elementor-column elementor-col-50 elementor-top-column elementor-element elementor-element-5f601fc\" data-id=\"5f601fc\" data-element_type=\"column\" data-e-type=\"column\">\n\t\t\t<div class=\"elementor-widget-wrap\">\n\t\t\t\t\t\t\t<\/div>\n\t\t<\/div>\n\t\t\t\t\t<\/div>\n\t\t<\/div>\n\t\t\t\t<\/div>\n\t\t","protected":false},"excerpt":{"rendered":"<p>New York FASHION WEEK 2019 COMING VERY SOON 00 days 00 hours 00 minutes 00 seconds Get Notify Subscribe now and get 10% off new collection garments Subscribe Do not [&hellip;]<\/p>\n","protected":false},"author":1,"featured_media":0,"parent":0,"menu_order":0,"comment_status":"closed","ping_status":"closed","template":"","meta":{"footnotes":""},"class_list":["post-390","page","type-page","status-publish","hentry"],"yoast_head":"<!-- This site is optimized with the Yoast SEO plugin v27.3 - https:\/\/yoast.com\/product\/yoast-seo-wordpress\/ -->\n<title>Coming Soon - Stickers.Best<\/title>\n<meta name=\"description\" content=\"Le meilleur du sticker pour riders !!! Vente en ligne de stickers windsurf-kitesurf - 100% qualit\u00e9 et 100 % made in France !\" \/>\n<meta name=\"robots\" content=\"index, follow, max-snippet:-1, max-image-preview:large, max-video-preview:-1\" \/>\n<link rel=\"canonical\" href=\"https:\/\/stickers.best\/index.php\/coming-soon\/\" \/>\n<meta property=\"og:locale\" content=\"fr_FR\" \/>\n<meta property=\"og:type\" content=\"article\" \/>\n<meta property=\"og:title\" content=\"Coming Soon - Stickers.Best\" \/>\n<meta property=\"og:description\" content=\"Le meilleur du sticker pour riders !!! Vente en ligne de stickers windsurf-kitesurf - 100% qualit\u00e9 et 100 % made in France !\" \/>\n<meta property=\"og:url\" content=\"https:\/\/stickers.best\/index.php\/coming-soon\/\" \/>\n<meta property=\"og:site_name\" content=\"Stickers.Best\" \/>\n<meta property=\"article:publisher\" content=\"https:\/\/www.facebook.com\/Stickersbest-115743130294132\" \/>\n<meta property=\"article:modified_time\" content=\"2020-09-26T13:22:06+00:00\" \/>\n<meta name=\"twitter:card\" content=\"summary_large_image\" \/>\n<script type=\"application\/ld+json\" class=\"yoast-schema-graph\">{\"@context\":\"https:\\\/\\\/schema.org\",\"@graph\":[{\"@type\":\"WebPage\",\"@id\":\"https:\\\/\\\/stickers.best\\\/index.php\\\/coming-soon\\\/\",\"url\":\"https:\\\/\\\/stickers.best\\\/index.php\\\/coming-soon\\\/\",\"name\":\"Coming Soon - Stickers.Best\",\"isPartOf\":{\"@id\":\"https:\\\/\\\/stickers.best\\\/#website\"},\"datePublished\":\"2019-10-29T04:31:23+00:00\",\"dateModified\":\"2020-09-26T13:22:06+00:00\",\"description\":\"Le meilleur du sticker pour riders !!! Vente en ligne de stickers windsurf-kitesurf - 100% qualit\u00e9 et 100 % made in France !\",\"breadcrumb\":{\"@id\":\"https:\\\/\\\/stickers.best\\\/index.php\\\/coming-soon\\\/#breadcrumb\"},\"inLanguage\":\"fr-FR\",\"potentialAction\":[{\"@type\":\"ReadAction\",\"target\":[\"https:\\\/\\\/stickers.best\\\/index.php\\\/coming-soon\\\/\"]}]},{\"@type\":\"BreadcrumbList\",\"@id\":\"https:\\\/\\\/stickers.best\\\/index.php\\\/coming-soon\\\/#breadcrumb\",\"itemListElement\":[{\"@type\":\"ListItem\",\"position\":1,\"name\":\"Accueil\",\"item\":\"https:\\\/\\\/stickers.best\\\/\"},{\"@type\":\"ListItem\",\"position\":2,\"name\":\"Coming Soon\"}]},{\"@type\":\"WebSite\",\"@id\":\"https:\\\/\\\/stickers.best\\\/#website\",\"url\":\"https:\\\/\\\/stickers.best\\\/\",\"name\":\"Stickers.Best\",\"description\":\"Stickers.best Best Stickers for Best Riders\",\"publisher\":{\"@id\":\"https:\\\/\\\/stickers.best\\\/#organization\"},\"potentialAction\":[{\"@type\":\"SearchAction\",\"target\":{\"@type\":\"EntryPoint\",\"urlTemplate\":\"https:\\\/\\\/stickers.best\\\/?s={search_term_string}\"},\"query-input\":{\"@type\":\"PropertyValueSpecification\",\"valueRequired\":true,\"valueName\":\"search_term_string\"}}],\"inLanguage\":\"fr-FR\"},{\"@type\":\"Organization\",\"@id\":\"https:\\\/\\\/stickers.best\\\/#organization\",\"name\":\"Stickers.best\",\"url\":\"https:\\\/\\\/stickers.best\\\/\",\"logo\":{\"@type\":\"ImageObject\",\"inLanguage\":\"fr-FR\",\"@id\":\"https:\\\/\\\/stickers.best\\\/#\\\/schema\\\/logo\\\/image\\\/\",\"url\":\"https:\\\/\\\/stickers.best\\\/wp-content\\\/uploads\\\/2020\\\/10\\\/Logo_Stickers-best-512.png\",\"contentUrl\":\"https:\\\/\\\/stickers.best\\\/wp-content\\\/uploads\\\/2020\\\/10\\\/Logo_Stickers-best-512.png\",\"width\":512,\"height\":512,\"caption\":\"Stickers.best\"},\"image\":{\"@id\":\"https:\\\/\\\/stickers.best\\\/#\\\/schema\\\/logo\\\/image\\\/\"},\"sameAs\":[\"https:\\\/\\\/www.facebook.com\\\/Stickersbest-115743130294132\"]}]}<\/script>\n<!-- \/ Yoast SEO plugin. -->","yoast_head_json":{"title":"Coming Soon - Stickers.Best","description":"Le meilleur du sticker pour riders !!! Vente en ligne de stickers windsurf-kitesurf - 100% qualit\u00e9 et 100 % made in France !","robots":{"index":"index","follow":"follow","max-snippet":"max-snippet:-1","max-image-preview":"max-image-preview:large","max-video-preview":"max-video-preview:-1"},"canonical":"https:\/\/stickers.best\/index.php\/coming-soon\/","og_locale":"fr_FR","og_type":"article","og_title":"Coming Soon - Stickers.Best","og_description":"Le meilleur du sticker pour riders !!! Vente en ligne de stickers windsurf-kitesurf - 100% qualit\u00e9 et 100 % made in France !","og_url":"https:\/\/stickers.best\/index.php\/coming-soon\/","og_site_name":"Stickers.Best","article_publisher":"https:\/\/www.facebook.com\/Stickersbest-115743130294132","article_modified_time":"2020-09-26T13:22:06+00:00","twitter_card":"summary_large_image","schema":{"@context":"https:\/\/schema.org","@graph":[{"@type":"WebPage","@id":"https:\/\/stickers.best\/index.php\/coming-soon\/","url":"https:\/\/stickers.best\/index.php\/coming-soon\/","name":"Coming Soon - Stickers.Best","isPartOf":{"@id":"https:\/\/stickers.best\/#website"},"datePublished":"2019-10-29T04:31:23+00:00","dateModified":"2020-09-26T13:22:06+00:00","description":"Le meilleur du sticker pour riders !!! Vente en ligne de stickers windsurf-kitesurf - 100% qualit\u00e9 et 100 % made in France !","breadcrumb":{"@id":"https:\/\/stickers.best\/index.php\/coming-soon\/#breadcrumb"},"inLanguage":"fr-FR","potentialAction":[{"@type":"ReadAction","target":["https:\/\/stickers.best\/index.php\/coming-soon\/"]}]},{"@type":"BreadcrumbList","@id":"https:\/\/stickers.best\/index.php\/coming-soon\/#breadcrumb","itemListElement":[{"@type":"ListItem","position":1,"name":"Accueil","item":"https:\/\/stickers.best\/"},{"@type":"ListItem","position":2,"name":"Coming Soon"}]},{"@type":"WebSite","@id":"https:\/\/stickers.best\/#website","url":"https:\/\/stickers.best\/","name":"Stickers.Best","description":"Stickers.best Best Stickers for Best Riders","publisher":{"@id":"https:\/\/stickers.best\/#organization"},"potentialAction":[{"@type":"SearchAction","target":{"@type":"EntryPoint","urlTemplate":"https:\/\/stickers.best\/?s={search_term_string}"},"query-input":{"@type":"PropertyValueSpecification","valueRequired":true,"valueName":"search_term_string"}}],"inLanguage":"fr-FR"},{"@type":"Organization","@id":"https:\/\/stickers.best\/#organization","name":"Stickers.best","url":"https:\/\/stickers.best\/","logo":{"@type":"ImageObject","inLanguage":"fr-FR","@id":"https:\/\/stickers.best\/#\/schema\/logo\/image\/","url":"https:\/\/stickers.best\/wp-content\/uploads\/2020\/10\/Logo_Stickers-best-512.png","contentUrl":"https:\/\/stickers.best\/wp-content\/uploads\/2020\/10\/Logo_Stickers-best-512.png","width":512,"height":512,"caption":"Stickers.best"},"image":{"@id":"https:\/\/stickers.best\/#\/schema\/logo\/image\/"},"sameAs":["https:\/\/www.facebook.com\/Stickersbest-115743130294132"]}]}},"_links":{"self":[{"href":"https:\/\/stickers.best\/index.php\/wp-json\/wp\/v2\/pages\/390","targetHints":{"allow":["GET"]}}],"collection":[{"href":"https:\/\/stickers.best\/index.php\/wp-json\/wp\/v2\/pages"}],"about":[{"href":"https:\/\/stickers.best\/index.php\/wp-json\/wp\/v2\/types\/page"}],"author":[{"embeddable":true,"href":"https:\/\/stickers.best\/index.php\/wp-json\/wp\/v2\/users\/1"}],"replies":[{"embeddable":true,"href":"https:\/\/stickers.best\/index.php\/wp-json\/wp\/v2\/comments?post=390"}],"version-history":[{"count":1,"href":"https:\/\/stickers.best\/index.php\/wp-json\/wp\/v2\/pages\/390\/revisions"}],"predecessor-version":[{"id":786,"href":"https:\/\/stickers.best\/index.php\/wp-json\/wp\/v2\/pages\/390\/revisions\/786"}],"wp:attachment":[{"href":"https:\/\/stickers.best\/index.php\/wp-json\/wp\/v2\/media?parent=390"}],"curies":[{"name":"wp","href":"https:\/\/api.w.org\/{rel}","templated":true}]}}